{"id":380,"date":"2025-05-31T10:43:02","date_gmt":"2025-05-31T10:43:02","guid":{"rendered":"https:\/\/dc-ks.net\/?page_id=380"},"modified":"2025-06-03T18:24:34","modified_gmt":"2025-06-03T18:24:34","slug":"about-us","status":"publish","type":"page","link":"https:\/\/dc-ks.net\/sq\/about-us\/","title":{"rendered":"Rreth nesh"},"content":{"rendered":"<div data-elementor-type=\"wp-page\" data-elementor-id=\"380\" class=\"elementor elementor-380\">\n\t\t\t\t<div class=\"elementor-element elementor-element-403f5f0b e-flex e-con-boxed e-con e-parent\" data-id=\"403f5f0b\" data-element_type=\"container\" data-settings=\"{&quot;background_background&quot;:&quot;classic&quot;}\">\n\t\t\t\t\t<div class=\"e-con-inner\">\n\t\t<div class=\"elementor-element elementor-element-5752f265 e-con-full e-flex e-con e-child\" data-id=\"5752f265\" data-element_type=\"container\">\n\t\t\t\t<div class=\"elementor-element elementor-element-764bf8ae elementor-icon-list--layout-inline elementor-align-center elementor-mobile-align-center elementor-list-item-link-full_width elementor-widget elementor-widget-icon-list\" data-id=\"764bf8ae\" data-element_type=\"widget\" data-widget_type=\"icon-list.default\">\n\t\t\t\t<div class=\"elementor-widget-container\">\n\t\t\t\t\t\t\t<ul class=\"elementor-icon-list-items elementor-inline-items\">\n\t\t\t\t\t\t\t<li class=\"elementor-icon-list-item elementor-inline-item\">\n\t\t\t\t\t\t\t\t\t\t\t<a href=\"https:\/\/dc-ks.net\/\">\n\n\t\t\t\t\t\t\t\t\t\t\t<span class=\"elementor-icon-list-text\">Ballina<\/span>\n\t\t\t\t\t\t\t\t\t\t\t<\/a>\n\t\t\t\t\t\t\t\t\t<\/li>\n\t\t\t\t\t\t\t\t<li class=\"elementor-icon-list-item elementor-inline-item\">\n\t\t\t\t\t\t\t\t\t\t\t<span class=\"elementor-icon-list-icon\">\n\t\t\t\t\t\t\t<i aria-hidden=\"true\" class=\"jki jki-slash-solid\"><\/i>\t\t\t\t\t\t<\/span>\n\t\t\t\t\t\t\t\t\t\t<span class=\"elementor-icon-list-text\">Rreth Nesh<\/span>\n\t\t\t\t\t\t\t\t\t<\/li>\n\t\t\t\t\t\t<\/ul>\n\t\t\t\t\t\t<\/div>\n\t\t\t\t<\/div>\n\t\t\t\t<div class=\"elementor-element elementor-element-61cdeba9 elementor-invisible elementor-widget elementor-widget-heading\" data-id=\"61cdeba9\" data-element_type=\"widget\" data-settings=\"{&quot;_animation&quot;:&quot;fadeIn&quot;}\" data-widget_type=\"heading.default\">\n\t\t\t\t<div class=\"elementor-widget-container\">\n\t\t\t\t\t<h1 class=\"elementor-heading-title elementor-size-default\">Rreth Nesh<\/h1>\t\t\t\t<\/div>\n\t\t\t\t<\/div>\n\t\t\t\t<div class=\"elementor-element elementor-element-24dc8eff elementor-widget-divider--view-line elementor-invisible elementor-widget elementor-widget-divider\" data-id=\"24dc8eff\" data-element_type=\"widget\" data-settings=\"{&quot;_animation&quot;:&quot;fadeIn&quot;,&quot;_animation_delay&quot;:&quot;100&quot;}\" data-widget_type=\"divider.default\">\n\t\t\t\t<div class=\"elementor-widget-container\">\n\t\t\t\t\t\t\t<div class=\"elementor-divider\">\n\t\t\t<span class=\"elementor-divider-separator\">\n\t\t\t\t\t\t<\/span>\n\t\t<\/div>\n\t\t\t\t\t\t<\/div>\n\t\t\t\t<\/div>\n\t\t\t\t<\/div>\n\t\t\t\t\t<\/div>\n\t\t\t\t<\/div>\n\t\t<div class=\"elementor-element elementor-element-5879b033 e-flex e-con-boxed e-con e-parent\" data-id=\"5879b033\" data-element_type=\"container\">\n\t\t\t\t\t<div class=\"e-con-inner\">\n\t\t<div class=\"elementor-element elementor-element-55a0b5a6 e-con-full e-flex e-con e-child\" data-id=\"55a0b5a6\" data-element_type=\"container\">\n\t\t<div class=\"elementor-element elementor-element-3253df77 e-con-full e-flex e-con e-child\" data-id=\"3253df77\" data-element_type=\"container\">\n\t\t<div class=\"elementor-element elementor-element-275ccc20 e-con-full e-flex elementor-invisible e-con e-child\" data-id=\"275ccc20\" data-element_type=\"container\" data-settings=\"{&quot;background_background&quot;:&quot;classic&quot;,&quot;animation&quot;:&quot;fadeInLeft&quot;}\">\n\t\t\t\t<div class=\"elementor-element elementor-element-225529dc elementor-widget elementor-widget-heading\" data-id=\"225529dc\" data-element_type=\"widget\" data-widget_type=\"heading.default\">\n\t\t\t\t<div class=\"elementor-widget-container\">\n\t\t\t\t\t<h3 class=\"elementor-heading-title elementor-size-default\">Mir\u00eb se vini n\u00eb D CONSTRUCTION 001<\/h3>\t\t\t\t<\/div>\n\t\t\t\t<\/div>\n\t\t\t\t<div class=\"elementor-element elementor-element-25357f13 elementor-widget elementor-widget-heading\" data-id=\"25357f13\" data-element_type=\"widget\" data-widget_type=\"heading.default\">\n\t\t\t\t<div class=\"elementor-widget-container\">\n\t\t\t\t\t<h2 class=\"elementor-heading-title elementor-size-default\">T\u00eb shtyr\u00eb nga p\u00ebrkushtimi, t\u00eb nd\u00ebrtuar me integritet.<\/h2>\t\t\t\t<\/div>\n\t\t\t\t<\/div>\n\t\t\t\t<div class=\"elementor-element elementor-element-19350204 elementor-widget elementor-widget-text-editor\" data-id=\"19350204\" data-element_type=\"widget\" data-widget_type=\"text-editor.default\">\n\t\t\t\t<div class=\"elementor-widget-container\">\n\t\t\t\t\t\t\t\t\t<p data-start=\"913\" data-end=\"1258\" class=\" translation-block\"><strong data-start=\"962\" data-end=\"991\">D CONSTRUCTION 001<\/strong> u themelua zyrtarisht para 20 vitesh. Pavar\u00ebsisht sfidave si kostot e larta fillestare dhe pajisjet e kufizuara, arrit\u00ebm t\u00eb realizojm\u00eb nj\u00eb qarkullim brenda 18 muajve t\u00eb par\u00eb<\/p><p data-start=\"1260\" data-end=\"1597\" class=\" translation-block\">E specializuar n\u00eb <strong data-start=\"1276\" data-end=\"1305\">profile metalike t\u00eb galvanizuara<\/strong> p\u00ebr sistemet me pllaka gipsi, kompania jon\u00eb prodhon profile t\u00eb llojeve dhe dimensioneve t\u00eb ndryshme, duke p\u00ebrfshir\u00eb UD, CD, UW dhe CW. Me nj\u00eb ekip t\u00eb vog\u00ebl por t\u00eb p\u00ebrkushtuar dhe me nj\u00eb prezenc\u00eb n\u00eb rritje n\u00eb gjith\u00eb Kosov\u00ebn, synojm\u00eb t\u00eb zgjerojm\u00eb m\u00eb tej operacionet tona p\u00ebrmes shtimit t\u00eb makinerive t\u00eb reja dhe rritjes s\u00eb kapacitetit prodhues.<\/p><p data-start=\"1599\" data-end=\"1797\">Misioni yn\u00eb \u00ebsht\u00eb t\u00eb furnizojm\u00eb industrin\u00eb e nd\u00ebrtimit me profile metalike t\u00eb galvanizuara me cil\u00ebsi t\u00eb lart\u00eb, duke nxitur p\u00ebrkushtimin ndaj standardeve t\u00eb avancuara t\u00eb nd\u00ebrtimit. Jemi t\u00eb p\u00ebrkushtuar n\u00eb mb\u00ebshtetjen e pun\u00ebsimit lokal, nxitjen e rritjes s\u00eb q\u00ebndrueshme dhe kontributin n\u00eb zhvillimin ekonomik t\u00eb Kosov\u00ebs dhe rajonit m\u00eb gjer\u00eb. Me integritet dhe p\u00ebrgjegj\u00ebsi n\u00eb themel t\u00eb veprimtaris\u00eb son\u00eb, sh\u00ebrbejm\u00eb me krenari jo vet\u00ebm partner\u00ebve n\u00eb t\u00eb gjith\u00eb Kosov\u00ebn, por edhe klient\u00ebve p\u00ebrtej kufijve t\u00eb saj.<\/p>\t\t\t\t\t\t\t\t<\/div>\n\t\t\t\t<\/div>\n\t\t\t\t<\/div>\n\t\t\t\t<\/div>\n\t\t<div class=\"elementor-element elementor-element-309a8e46 e-con-full e-flex e-con e-child\" data-id=\"309a8e46\" data-element_type=\"container\">\n\t\t<div class=\"elementor-element elementor-element-69603d48 e-con-full e-flex e-con e-child\" data-id=\"69603d48\" data-element_type=\"container\">\n\t\t\t\t<div class=\"elementor-element elementor-element-264ee920 elementor-widget elementor-widget-jkit_fun_fact\" data-id=\"264ee920\" data-element_type=\"widget\" data-widget_type=\"jkit_fun_fact.default\">\n\t\t\t\t<div class=\"elementor-widget-container\">\n\t\t\t\t\t<div  class=\"jeg-elementor-kit jkit-fun-fact align-center hover-from-left elementor-animation- jeg_module___69fdae770212a\" ><div class=\"fun-fact-inner\">\n            <div class=\"content\">\n                <div class=\"number-wrapper\"><span class=\"prefix\"><\/span>\n        <span class=\"number\" data-value=\"20\" data-animation-duration=\"3500\">0<\/span>\n        <span class=\"suffix\">+<\/span><\/div>\n                <h3 class=\"title\">Eksperienc\u00eb<\/h3>\n            <\/div>\n        <\/div><\/div>\t\t\t\t<\/div>\n\t\t\t\t<\/div>\n\t\t\t\t<\/div>\n\t\t<div class=\"elementor-element elementor-element-7e8fad2d e-con-full e-flex e-con e-child\" data-id=\"7e8fad2d\" data-element_type=\"container\">\n\t\t\t\t<div class=\"elementor-element elementor-element-29cd341b elementor-widget elementor-widget-jkit_fun_fact\" data-id=\"29cd341b\" data-element_type=\"widget\" data-widget_type=\"jkit_fun_fact.default\">\n\t\t\t\t<div class=\"elementor-widget-container\">\n\t\t\t\t\t<div  class=\"jeg-elementor-kit jkit-fun-fact align-center hover-from-left elementor-animation- jeg_module__1_69fdae7702899\" ><div class=\"fun-fact-inner\">\n            <div class=\"content\">\n                <div class=\"number-wrapper\"><span class=\"prefix\"><\/span>\n        <span class=\"number\" data-value=\"750\" data-animation-duration=\"3500\">0<\/span>\n        <span class=\"suffix\">+<\/span><\/div>\n                <h3 class=\"title\">Projekte t\u00eb p\u00ebrfunduara<\/h3>\n            <\/div>\n        <\/div><\/div>\t\t\t\t<\/div>\n\t\t\t\t<\/div>\n\t\t\t\t<\/div>\n\t\t\t\t<\/div>\n\t\t\t\t<\/div>\n\t\t\t\t\t<\/div>\n\t\t\t\t<\/div>\n\t\t<div class=\"elementor-element elementor-element-47432b04 e-flex e-con-boxed e-con e-parent\" data-id=\"47432b04\" data-element_type=\"container\" data-settings=\"{&quot;background_background&quot;:&quot;classic&quot;}\">\n\t\t\t\t\t<div class=\"e-con-inner\">\n\t\t<div class=\"elementor-element elementor-element-5da152c0 e-con-full e-flex e-con e-child\" data-id=\"5da152c0\" data-element_type=\"container\">\n\t\t<div class=\"elementor-element elementor-element-6f4b92e6 e-con-full e-flex e-con e-child\" data-id=\"6f4b92e6\" data-element_type=\"container\">\n\t\t<div class=\"elementor-element elementor-element-598a204d e-con-full e-flex e-con e-child\" data-id=\"598a204d\" data-element_type=\"container\">\n\t\t\t\t<div class=\"elementor-element elementor-element-4d60f0c5 elementor-invisible elementor-widget elementor-widget-heading\" data-id=\"4d60f0c5\" data-element_type=\"widget\" data-settings=\"{&quot;_animation&quot;:&quot;fadeInLeft&quot;}\" data-widget_type=\"heading.default\">\n\t\t\t\t<div class=\"elementor-widget-container\">\n\t\t\t\t\t<h3 class=\"elementor-heading-title elementor-size-default\">P\u00ebrse t\u00eb na p\u00ebrzgjedhni ne?<\/h3>\t\t\t\t<\/div>\n\t\t\t\t<\/div>\n\t\t\t\t<div class=\"elementor-element elementor-element-1770e262 elementor-invisible elementor-widget elementor-widget-text-editor\" data-id=\"1770e262\" data-element_type=\"widget\" data-settings=\"{&quot;_animation&quot;:&quot;fadeInLeft&quot;,&quot;_animation_delay&quot;:&quot;100&quot;}\" data-widget_type=\"text-editor.default\">\n\t\t\t\t<div class=\"elementor-widget-container\">\n\t\t\t\t\t\t\t\t\t<p class=\" translation-block\">P\u00ebrzgjedhni <strong data-start=\"7\" data-end=\"36\">D CONSTRUCTION 001<\/strong> p\u00ebr profile metalike t\u00eb besueshme dhe me cil\u00ebsi t\u00eb lart\u00eb, t\u00eb p\u00ebrshtatura sipas nevojave t\u00eb projektit tuaj. Me p\u00ebrmasa fleksibile, mjesht\u00ebri profesionale dhe sh\u00ebrbim t\u00eb besuar n\u00eb mbar\u00eb rajonin, ne ju ndihmojm\u00eb t\u00eb nd\u00ebrtoni me besim.<\/p>\t\t\t\t\t\t\t\t<\/div>\n\t\t\t\t<\/div>\n\t\t\t\t<div class=\"elementor-element elementor-element-1aef2bab elementor-align-left elementor-mobile-align-center elementor-invisible elementor-widget elementor-widget-button\" data-id=\"1aef2bab\" data-element_type=\"widget\" data-settings=\"{&quot;_animation&quot;:&quot;fadeInLeft&quot;,&quot;_animation_delay&quot;:&quot;300&quot;}\" data-no-translation=\"\" data-widget_type=\"button.default\">\n\t\t\t\t<div class=\"elementor-widget-container\">\n\t\t\t\t\t<style>.elementor-element-1aef2bab{display:none !important}<\/style>\t\t\t\t<\/div>\n\t\t\t\t<\/div>\n\t\t\t\t<div class=\"elementor-element elementor-element-4425598 elementor-align-left elementor-mobile-align-center elementor-invisible elementor-widget elementor-widget-button\" data-id=\"4425598\" data-element_type=\"widget\" data-settings=\"{&quot;_animation&quot;:&quot;fadeInLeft&quot;,&quot;_animation_delay&quot;:&quot;300&quot;}\" data-no-translation=\"\" data-widget_type=\"button.default\">\n\t\t\t\t<div class=\"elementor-widget-container\">\n\t\t\t\t\t\t\t\t\t<div class=\"elementor-button-wrapper\">\n\t\t\t\t\t<a class=\"elementor-button elementor-button-link elementor-size-sm\" href=\"\/sq\/services\">\n\t\t\t\t\t\t<span class=\"elementor-button-content-wrapper\">\n\t\t\t\t\t\t\t\t\t<span class=\"elementor-button-text\">M\u00eb shum\u00eb<\/span>\n\t\t\t\t\t<\/span>\n\t\t\t\t\t<\/a>\n\t\t\t\t<\/div>\n\t\t\t\t\t\t\t\t<\/div>\n\t\t\t\t<\/div>\n\t\t\t\t<\/div>\n\t\t<div class=\"elementor-element elementor-element-fda78db e-con-full e-flex e-con e-child\" data-id=\"fda78db\" data-element_type=\"container\">\n\t\t\t\t<div class=\"elementor-element elementor-element-1c255ae3 jkit-equal-height-disable elementor-widget elementor-widget-jkit_icon_box\" data-id=\"1c255ae3\" data-element_type=\"widget\" data-widget_type=\"jkit_icon_box.default\">\n\t\t\t\t<div class=\"elementor-widget-container\">\n\t\t\t\t\t<div  class=\"jeg-elementor-kit jkit-icon-box icon-position-left elementor-animation- jeg_module__2_69fdae7707ebb\" ><div class=\"jkit-icon-box-wrapper hover-from-left\"><div class=\"icon-box icon-box-header elementor-animation-\"><div class=\"icon style-color\"><i aria-hidden=\"true\" class=\"jki jki-clock11-light\"><\/i><\/div><\/div><div class=\"icon-box icon-box-body\">\n                <h4 class=\"title\"> Ekspertiz\u00eb e Specializuar<\/h4><p class=\"icon-box-description\">Ne fokusohemi ekskluzivisht n\u00eb profilet metalike p\u00ebr sistemet me pllaka gipsi, duke garantuar njohuri t\u00eb thelluara p\u00ebr produktin dhe cil\u00ebsi t\u00eb q\u00ebndrueshme n\u00eb \u00e7do nj\u00ebsi q\u00eb prodhojm\u00eb.<\/p>\n            <\/div>\n            \n            <\/div><\/div>\t\t\t\t<\/div>\n\t\t\t\t<\/div>\n\t\t\t\t<div class=\"elementor-element elementor-element-602633f6 jkit-equal-height-disable elementor-widget elementor-widget-jkit_icon_box\" data-id=\"602633f6\" data-element_type=\"widget\" data-widget_type=\"jkit_icon_box.default\">\n\t\t\t\t<div class=\"elementor-widget-container\">\n\t\t\t\t\t<div  class=\"jeg-elementor-kit jkit-icon-box icon-position-left elementor-animation- jeg_module__3_69fdae770892b\" ><div class=\"jkit-icon-box-wrapper hover-from-left\"><div class=\"icon-box icon-box-header elementor-animation-\"><div class=\"icon style-color\"><i aria-hidden=\"true\" class=\"jki jki-agenda-light\"><\/i><\/div><\/div><div class=\"icon-box icon-box-body\">\n                <h4 class=\"title\">Sakt\u00ebsi dhe Cil\u00ebsi<\/h4><p class=\"icon-box-description\">Profilet tona prodhohen me p\u00ebrkushtim maksimal ndaj detajeve dhe sakt\u00ebsis\u00eb dimensionale \u2014 duke ju mund\u00ebsuar t\u00eb nd\u00ebrtoni me forc\u00eb dhe besim.<\/p>\n            <\/div>\n            \n            <\/div><\/div>\t\t\t\t<\/div>\n\t\t\t\t<\/div>\n\t\t\t\t<\/div>\n\t\t<div class=\"elementor-element elementor-element-48a344b2 e-con-full e-flex e-con e-child\" data-id=\"48a344b2\" data-element_type=\"container\">\n\t\t\t\t<div class=\"elementor-element elementor-element-753569d7 jkit-equal-height-disable elementor-widget elementor-widget-jkit_icon_box\" data-id=\"753569d7\" data-element_type=\"widget\" data-widget_type=\"jkit_icon_box.default\">\n\t\t\t\t<div class=\"elementor-widget-container\">\n\t\t\t\t\t<div  class=\"jeg-elementor-kit jkit-icon-box icon-position-left elementor-animation- jeg_module__4_69fdae77091d0\" ><div class=\"jkit-icon-box-wrapper hover-from-left\"><div class=\"icon-box icon-box-header elementor-animation-\"><div class=\"icon style-color\"><i aria-hidden=\"true\" class=\"jki jki-idea_generate-light\"><\/i><\/div><\/div><div class=\"icon-box icon-box-body\">\n                <h4 class=\"title\">Sh\u00ebrbim i Shpejt\u00eb dhe i Besuesh\u00ebm<\/h4><p class=\"icon-box-description\">Ne e kuptojm\u00eb r\u00ebnd\u00ebsin\u00eb e afateve n\u00eb nd\u00ebrtim. Proceset tona t\u00eb prodhimit dhe shp\u00ebrndarjes jan\u00eb t\u00eb organizuara n\u00eb m\u00ebnyr\u00eb efikase p\u00ebr t\u00eb siguruar q\u00eb materialet tuaja t\u00eb mb\u00ebrrijn\u00eb pik\u00ebrisht kur ju nevojiten.<\/p>\n            <\/div>\n            \n            <\/div><\/div>\t\t\t\t<\/div>\n\t\t\t\t<\/div>\n\t\t\t\t<div class=\"elementor-element elementor-element-68666360 jkit-equal-height-disable elementor-widget elementor-widget-jkit_icon_box\" data-id=\"68666360\" data-element_type=\"widget\" data-widget_type=\"jkit_icon_box.default\">\n\t\t\t\t<div class=\"elementor-widget-container\">\n\t\t\t\t\t<div  class=\"jeg-elementor-kit jkit-icon-box icon-position-left elementor-animation- jeg_module__5_69fdae7709a53\" ><div class=\"jkit-icon-box-wrapper hover-from-left\"><div class=\"icon-box icon-box-header elementor-animation-\"><div class=\"icon style-color\"><i aria-hidden=\"true\" class=\"jki jki-pencil_art-light\"><\/i><\/div><\/div><div class=\"icon-box icon-box-body\">\n                <h4 class=\"title\">Prodhim Fleksib\u00ebl<\/h4><p class=\"icon-box-description\">Nga gjat\u00ebsit\u00eb standarde deri te p\u00ebrmasat e personalizuara (2.5m\u20135m), ne e p\u00ebrshtatim prodhimin ton\u00eb p\u00ebr t\u00eb p\u00ebrmbushur k\u00ebrkesat specifike t\u00eb projektit tuaj.<\/p>\n            <\/div>\n            \n            <\/div><\/div>\t\t\t\t<\/div>\n\t\t\t\t<\/div>\n\t\t\t\t<\/div>\n\t\t\t\t<\/div>\n\t\t\t\t<\/div>\n\t\t\t\t\t<\/div>\n\t\t\t\t<\/div>\n\t\t<div class=\"elementor-element elementor-element-49ba54b1 e-flex e-con-boxed e-con e-parent\" data-id=\"49ba54b1\" data-element_type=\"container\" data-settings=\"{&quot;background_background&quot;:&quot;classic&quot;}\">\n\t\t\t\t\t<div class=\"e-con-inner\">\n\t\t<div class=\"elementor-element elementor-element-6c82d133 e-con-full e-flex e-con e-child\" data-id=\"6c82d133\" data-element_type=\"container\">\n\t\t\t\t<div class=\"elementor-element elementor-element-33f52e46 elementor-widget elementor-widget-heading\" data-id=\"33f52e46\" data-element_type=\"widget\" data-widget_type=\"heading.default\">\n\t\t\t\t<div class=\"elementor-widget-container\">\n\t\t\t\t\t<h2 class=\"elementor-heading-title elementor-size-default\">Gati t\u00eb nisni nj\u00eb projekt t\u00eb ri me D Construction 001?<\/h2>\t\t\t\t<\/div>\n\t\t\t\t<\/div>\n\t\t\t\t<div class=\"elementor-element elementor-element-5f0faafa elementor-widget elementor-widget-text-editor\" data-id=\"5f0faafa\" data-element_type=\"widget\" data-widget_type=\"text-editor.default\">\n\t\t\t\t<div class=\"elementor-widget-container\">\n\t\t\t\t\t\t\t\t\t<p class=\" translation-block\">N\u00eb rast se jeni duke planifikuar nj\u00eb projekt nd\u00ebrtimi n\u00eb shkall\u00eb t\u00eb gjer\u00eb apo nj\u00eb projekt t\u00eb vog\u00ebl t\u00eb brendsh\u00ebm, <strong data-start=\"393\" data-end=\"422\">D CONSTRUCTION 001<\/strong> \u00ebsht\u00eb e gatshme t\u2019ju mb\u00ebshtes\u00eb n\u00eb \u00e7do hap t\u00eb rrug\u00ebtimit tuaj.<\/p>\t\t\t\t\t\t\t\t<\/div>\n\t\t\t\t<\/div>\n\t\t\t\t<\/div>\n\t\t<div class=\"elementor-element elementor-element-28ca0f78 e-con-full e-flex e-con e-child\" data-id=\"28ca0f78\" data-element_type=\"container\">\n\t\t\t\t<div class=\"elementor-element elementor-element-4588d59d elementor-align-right elementor-tablet-align-center elementor-mobile-align-center elementor-widget elementor-widget-button\" data-id=\"4588d59d\" data-element_type=\"widget\" data-no-translation=\"\" data-widget_type=\"button.default\">\n\t\t\t\t<div class=\"elementor-widget-container\">\n\t\t\t\t\t<style>.elementor-element-4588d59d{display:none !important}<\/style>\t\t\t\t<\/div>\n\t\t\t\t<\/div>\n\t\t\t\t<div class=\"elementor-element elementor-element-782abb8 elementor-align-right elementor-tablet-align-center elementor-mobile-align-center elementor-widget elementor-widget-button\" data-id=\"782abb8\" data-element_type=\"widget\" data-no-translation=\"\" data-widget_type=\"button.default\">\n\t\t\t\t<div class=\"elementor-widget-container\">\n\t\t\t\t\t\t\t\t\t<div class=\"elementor-button-wrapper\">\n\t\t\t\t\t<a class=\"elementor-button elementor-button-link elementor-size-sm\" href=\"\/sq\/contact-us\" id=\"#contact-us\">\n\t\t\t\t\t\t<span class=\"elementor-button-content-wrapper\">\n\t\t\t\t\t\t\t\t\t<span class=\"elementor-button-text\">Na Kontaktoni<\/span>\n\t\t\t\t\t<\/span>\n\t\t\t\t\t<\/a>\n\t\t\t\t<\/div>\n\t\t\t\t\t\t\t\t<\/div>\n\t\t\t\t<\/div>\n\t\t\t\t<\/div>\n\t\t\t\t\t<\/div>\n\t\t\t\t<\/div>\n\t\t<div class=\"elementor-element elementor-element-a254ac1 e-flex e-con-boxed e-con e-parent\" data-id=\"a254ac1\" data-element_type=\"container\">\n\t\t\t\t\t<div class=\"e-con-inner\">\n\t\t\t\t\t<\/div>\n\t\t\t\t<\/div>\n\t\t\t\t<\/div>","protected":false},"excerpt":{"rendered":"<p>Home About Us About Us \/ Welcome to D CONSTRUCTION Driven by Dedication, Built with Integrity D CONSTRUCTION 001\u00a0was officially established 20 years ago. Despite the challenges of high startup costs and limited equipment, we achieved a turnover within the first 18 months. Specializing in galvanized metal profiles for gypsum board systems, our company produces [&hellip;]<\/p>","protected":false},"author":1,"featured_media":0,"parent":0,"menu_order":0,"comment_status":"closed","ping_status":"closed","template":"elementor_header_footer","meta":{"footnotes":""},"class_list":["post-380","page","type-page","status-publish","hentry"],"_links":{"self":[{"href":"https:\/\/dc-ks.net\/sq\/wp-json\/wp\/v2\/pages\/380","targetHints":{"allow":["GET"]}}],"collection":[{"href":"https:\/\/dc-ks.net\/sq\/wp-json\/wp\/v2\/pages"}],"about":[{"href":"https:\/\/dc-ks.net\/sq\/wp-json\/wp\/v2\/types\/page"}],"author":[{"embeddable":true,"href":"https:\/\/dc-ks.net\/sq\/wp-json\/wp\/v2\/users\/1"}],"replies":[{"embeddable":true,"href":"https:\/\/dc-ks.net\/sq\/wp-json\/wp\/v2\/comments?post=380"}],"version-history":[{"count":131,"href":"https:\/\/dc-ks.net\/sq\/wp-json\/wp\/v2\/pages\/380\/revisions"}],"predecessor-version":[{"id":1396,"href":"https:\/\/dc-ks.net\/sq\/wp-json\/wp\/v2\/pages\/380\/revisions\/1396"}],"wp:attachment":[{"href":"https:\/\/dc-ks.net\/sq\/wp-json\/wp\/v2\/media?parent=380"}],"curies":[{"name":"wp","href":"https:\/\/api.w.org\/{rel}","templated":true}]}}