{"id":421,"date":"2025-05-31T11:25:47","date_gmt":"2025-05-31T11:25:47","guid":{"rendered":"https:\/\/dc-ks.net\/?page_id=421"},"modified":"2025-06-03T18:26:48","modified_gmt":"2025-06-03T18:26:48","slug":"services","status":"publish","type":"page","link":"https:\/\/dc-ks.net\/sq\/services\/","title":{"rendered":"Sh\u00ebrbimet"},"content":{"rendered":"<div data-elementor-type=\"wp-page\" data-elementor-id=\"421\" class=\"elementor elementor-421\">\n\t\t\t\t<div class=\"elementor-element elementor-element-18c714de e-flex e-con-boxed e-con e-parent\" data-id=\"18c714de\" data-element_type=\"container\" data-settings=\"{&quot;background_background&quot;:&quot;classic&quot;}\">\n\t\t\t\t\t<div class=\"e-con-inner\">\n\t\t<div class=\"elementor-element elementor-element-796afd52 e-con-full e-flex e-con e-child\" data-id=\"796afd52\" data-element_type=\"container\">\n\t\t\t\t<div class=\"elementor-element elementor-element-35f2b0b2 elementor-icon-list--layout-inline elementor-align-center elementor-mobile-align-center elementor-list-item-link-full_width elementor-widget elementor-widget-icon-list\" data-id=\"35f2b0b2\" data-element_type=\"widget\" data-widget_type=\"icon-list.default\">\n\t\t\t\t<div class=\"elementor-widget-container\">\n\t\t\t\t\t\t\t<ul class=\"elementor-icon-list-items elementor-inline-items\">\n\t\t\t\t\t\t\t<li class=\"elementor-icon-list-item elementor-inline-item\">\n\t\t\t\t\t\t\t\t\t\t\t<a href=\"https:\/\/dc-ks.net\/\">\n\n\t\t\t\t\t\t\t\t\t\t\t<span class=\"elementor-icon-list-text\">Ballina<\/span>\n\t\t\t\t\t\t\t\t\t\t\t<\/a>\n\t\t\t\t\t\t\t\t\t<\/li>\n\t\t\t\t\t\t\t\t<li class=\"elementor-icon-list-item elementor-inline-item\">\n\t\t\t\t\t\t\t\t\t\t\t<span class=\"elementor-icon-list-icon\">\n\t\t\t\t\t\t\t<i aria-hidden=\"true\" class=\"jki jki-slash-solid\"><\/i>\t\t\t\t\t\t<\/span>\n\t\t\t\t\t\t\t\t\t\t<span class=\"elementor-icon-list-text\">Sh\u00ebrbimet<\/span>\n\t\t\t\t\t\t\t\t\t<\/li>\n\t\t\t\t\t\t<\/ul>\n\t\t\t\t\t\t<\/div>\n\t\t\t\t<\/div>\n\t\t\t\t<div class=\"elementor-element elementor-element-7cf0957e elementor-widget-divider--view-line elementor-invisible elementor-widget elementor-widget-divider\" data-id=\"7cf0957e\" data-element_type=\"widget\" data-settings=\"{&quot;_animation&quot;:&quot;fadeIn&quot;,&quot;_animation_delay&quot;:&quot;100&quot;}\" data-widget_type=\"divider.default\">\n\t\t\t\t<div class=\"elementor-widget-container\">\n\t\t\t\t\t\t\t<div class=\"elementor-divider\">\n\t\t\t<span class=\"elementor-divider-separator\">\n\t\t\t\t\t\t<\/span>\n\t\t<\/div>\n\t\t\t\t\t\t<\/div>\n\t\t\t\t<\/div>\n\t\t\t\t<div class=\"elementor-element elementor-element-687275bb elementor-invisible elementor-widget elementor-widget-heading\" data-id=\"687275bb\" data-element_type=\"widget\" data-settings=\"{&quot;_animation&quot;:&quot;fadeIn&quot;}\" data-widget_type=\"heading.default\">\n\t\t\t\t<div class=\"elementor-widget-container\">\n\t\t\t\t\t<h1 class=\"elementor-heading-title elementor-size-default\">Sh\u00ebrbimet<\/h1>\t\t\t\t<\/div>\n\t\t\t\t<\/div>\n\t\t\t\t<\/div>\n\t\t\t\t\t<\/div>\n\t\t\t\t<\/div>\n\t\t<div class=\"elementor-element elementor-element-89b3375 e-con-full e-flex e-con e-parent\" data-id=\"89b3375\" data-element_type=\"container\">\n\t\t<div class=\"elementor-element elementor-element-2a9c4fe7 e-flex e-con-boxed e-con e-child\" data-id=\"2a9c4fe7\" data-element_type=\"container\">\n\t\t\t\t\t<div class=\"e-con-inner\">\n\t\t<div class=\"elementor-element elementor-element-2f9bf6bf e-con-full e-flex e-con e-child\" data-id=\"2f9bf6bf\" data-element_type=\"container\">\n\t\t\t\t<div class=\"elementor-element elementor-element-4d11402b elementor-widget__width-initial elementor-invisible elementor-widget elementor-widget-heading\" data-id=\"4d11402b\" data-element_type=\"widget\" data-settings=\"{&quot;_animation&quot;:&quot;fadeInLeft&quot;,&quot;_animation_delay&quot;:&quot;100&quot;}\" data-widget_type=\"heading.default\">\n\t\t\t\t<div class=\"elementor-widget-container\">\n\t\t\t\t\t<h2 class=\"elementor-heading-title elementor-size-default\">Sh\u00ebrbimet<\/h2>\t\t\t\t<\/div>\n\t\t\t\t<\/div>\n\t\t\t\t<\/div>\n\t\t<div class=\"elementor-element elementor-element-17d9203b e-con-full e-flex e-con e-child\" data-id=\"17d9203b\" data-element_type=\"container\">\n\t\t\t\t<div class=\"elementor-element elementor-element-6533010d elementor-invisible elementor-widget elementor-widget-text-editor\" data-id=\"6533010d\" data-element_type=\"widget\" data-settings=\"{&quot;_animation&quot;:&quot;fadeInLeft&quot;,&quot;_animation_delay&quot;:&quot;300&quot;}\" data-widget_type=\"text-editor.default\">\n\t\t\t\t<div class=\"elementor-widget-container\">\n\t\t\t\t\t\t\t\t\t<p>D CONSTRUCTION 001 \u00ebsht\u00eb e specializuar n\u00eb prodhimin e profileve metalike t\u00eb galvanizuara p\u00ebr sistemet me pllaka gipsi, duke ofruar zgjidhje si n\u00eb gjat\u00ebsi standarde ashtu edhe t\u00eb personalizuara. Sh\u00ebrbimet tona p\u00ebrfshijn\u00eb prerje precize, personalizim t\u00eb profileve dhe prodhim n\u00eb sasi t\u00eb m\u00ebdha, t\u00eb p\u00ebrshtatura p\u00ebr t\u00eb p\u00ebrmbushur nevojat e profesionist\u00ebve t\u00eb nd\u00ebrtimit n\u00eb t\u00eb gjith\u00eb Kosov\u00ebn. Me fokus n\u00eb cil\u00ebsi, q\u00ebndrueshm\u00ebri dhe dor\u00ebzim n\u00eb koh\u00eb, ne mb\u00ebshtesim projekte t\u00eb t\u00eb gjitha p\u00ebrmasave \u2014 nga nd\u00ebrtimet rezidenciale deri te zhvillimet komerciale n\u00eb shkall\u00eb t\u00eb gjer\u00eb.<\/p>\t\t\t\t\t\t\t\t<\/div>\n\t\t\t\t<\/div>\n\t\t\t\t<\/div>\n\t\t\t\t\t<\/div>\n\t\t\t\t<\/div>\n\t\t<div class=\"elementor-element elementor-element-20ab21d6 e-con-full e-flex e-con e-child\" data-id=\"20ab21d6\" data-element_type=\"container\">\n\t\t\t\t<div class=\"elementor-element elementor-element-77b0983b elementor-widget elementor-widget-jkit_gallery\" data-id=\"77b0983b\" data-element_type=\"widget\" data-widget_type=\"jkit_gallery.default\">\n\t\t\t\t<div class=\"elementor-widget-container\">\n\t\t\t\t\t<div  class=\"jeg-elementor-kit jkit-gallery layout-overlay jeg_module___69fdae73b92ec\"  data-grid=\"masonry\" data-id=\"jeg_module___69fdae73b92ec\" data-per-page=\"10\" data-load-more=\"0\" data-current-loaded=\"6\" data-count-items=\"6\" data-animation-duration=\"500\" data-no-more=\"No More Item\" data-items=\"[&quot;&lt;div class=\\&quot;gallery-item-wrap jkit-gcf-UD\\&quot;&gt; &lt;div class=\\&quot;grid-item\\&quot;&gt;&lt;div class=\\&quot;thumbnail-wrap\\&quot;&gt;&lt;img width=\\&quot;373\\&quot; height=\\&quot;250\\&quot; src=\\&quot;https:\\\/\\\/dc-ks.net\\\/wp-content\\\/uploads\\\/2025\\\/05\\\/products-1.jpg\\&quot; class=\\&quot;attachment-large size-large\\&quot; alt=\\&quot;UD\\&quot; url=\\&quot;https:\\\/\\\/dc-ks.net\\\/wp-content\\\/uploads\\\/2025\\\/05\\\/products-1.jpg\\&quot; source=\\&quot;library\\&quot; srcset=\\&quot;https:\\\/\\\/dc-ks.net\\\/wp-content\\\/uploads\\\/2025\\\/05\\\/products-1.jpg 373w, https:\\\/\\\/dc-ks.net\\\/wp-content\\\/uploads\\\/2025\\\/05\\\/products-1-300x201.jpg 300w\\&quot; sizes=\\&quot;(max-width: 373px) 100vw, 373px\\&quot; \\\/&gt;&lt;\\\/div&gt;&lt;div class=\\&quot;caption-wrap style-overlay overlay-slide\\&quot;&gt; &lt;div class=\\&quot;item-hover-bg\\&quot;&gt;&lt;\\\/div&gt; &lt;div class=\\&quot;item-caption-over\\&quot;&gt; &lt;h5 class=\\&quot;item-title\\&quot;&gt;UD&lt;\\\/h5&gt; &lt;div class=\\&quot;item-content\\&quot;&gt;&lt;\\\/div&gt; &lt;\\\/div&gt; &lt;div class=\\&quot;caption-head\\&quot;&gt;&lt;\\\/div&gt; &lt;div class=\\&quot;caption-category\\&quot;&gt;&lt;\\\/div&gt; &lt;\\\/div&gt;&lt;\\\/div&gt; &lt;\\\/div&gt;&quot;,&quot;&lt;div class=\\&quot;gallery-item-wrap jkit-gcf-UW\\&quot;&gt; &lt;div class=\\&quot;grid-item\\&quot;&gt;&lt;div class=\\&quot;thumbnail-wrap\\&quot;&gt;&lt;img width=\\&quot;379\\&quot; height=\\&quot;244\\&quot; src=\\&quot;https:\\\/\\\/dc-ks.net\\\/wp-content\\\/uploads\\\/2025\\\/05\\\/502600563_122103678230890101_7411778696388743301_n.jpg\\&quot; class=\\&quot;attachment-large size-large\\&quot; alt=\\&quot;UW\\&quot; url=\\&quot;https:\\\/\\\/dc-ks.net\\\/wp-content\\\/uploads\\\/2025\\\/05\\\/502600563_122103678230890101_7411778696388743301_n.jpg\\&quot; source=\\&quot;library\\&quot; srcset=\\&quot;https:\\\/\\\/dc-ks.net\\\/wp-content\\\/uploads\\\/2025\\\/05\\\/502600563_122103678230890101_7411778696388743301_n.jpg 379w, https:\\\/\\\/dc-ks.net\\\/wp-content\\\/uploads\\\/2025\\\/05\\\/502600563_122103678230890101_7411778696388743301_n-300x193.jpg 300w\\&quot; sizes=\\&quot;(max-width: 379px) 100vw, 379px\\&quot; \\\/&gt;&lt;\\\/div&gt;&lt;div class=\\&quot;caption-wrap style-overlay overlay-slide\\&quot;&gt; &lt;div class=\\&quot;item-hover-bg\\&quot;&gt;&lt;\\\/div&gt; &lt;div class=\\&quot;item-caption-over\\&quot;&gt; &lt;h5 class=\\&quot;item-title\\&quot;&gt;UW&lt;\\\/h5&gt; &lt;div class=\\&quot;item-content\\&quot;&gt;&lt;\\\/div&gt; &lt;\\\/div&gt; &lt;div class=\\&quot;caption-head\\&quot;&gt;&lt;\\\/div&gt; &lt;div class=\\&quot;caption-category\\&quot;&gt;&lt;\\\/div&gt; &lt;\\\/div&gt;&lt;\\\/div&gt; &lt;\\\/div&gt;&quot;,&quot;&lt;div class=\\&quot;gallery-item-wrap jkit-gcf-UW\\&quot;&gt; &lt;div class=\\&quot;grid-item\\&quot;&gt;&lt;div class=\\&quot;thumbnail-wrap\\&quot;&gt;&lt;img width=\\&quot;373\\&quot; height=\\&quot;251\\&quot; src=\\&quot;https:\\\/\\\/dc-ks.net\\\/wp-content\\\/uploads\\\/2025\\\/05\\\/502600563_122103678230890101_7411778696388743301_n-1.jpg\\&quot; class=\\&quot;attachment-large size-large\\&quot; alt=\\&quot;UW50\\&quot; url=\\&quot;https:\\\/\\\/dc-ks.net\\\/wp-content\\\/uploads\\\/2025\\\/05\\\/502600563_122103678230890101_7411778696388743301_n-1.jpg\\&quot; source=\\&quot;library\\&quot; srcset=\\&quot;https:\\\/\\\/dc-ks.net\\\/wp-content\\\/uploads\\\/2025\\\/05\\\/502600563_122103678230890101_7411778696388743301_n-1.jpg 373w, https:\\\/\\\/dc-ks.net\\\/wp-content\\\/uploads\\\/2025\\\/05\\\/502600563_122103678230890101_7411778696388743301_n-1-300x202.jpg 300w\\&quot; sizes=\\&quot;(max-width: 373px) 100vw, 373px\\&quot; \\\/&gt;&lt;\\\/div&gt;&lt;div class=\\&quot;caption-wrap style-overlay overlay-slide\\&quot;&gt; &lt;div class=\\&quot;item-hover-bg\\&quot;&gt;&lt;\\\/div&gt; &lt;div class=\\&quot;item-caption-over\\&quot;&gt; &lt;h5 class=\\&quot;item-title\\&quot;&gt;UW50&lt;\\\/h5&gt; &lt;div class=\\&quot;item-content\\&quot;&gt;&lt;\\\/div&gt; &lt;\\\/div&gt; &lt;div class=\\&quot;caption-head\\&quot;&gt;&lt;\\\/div&gt; &lt;div class=\\&quot;caption-category\\&quot;&gt;&lt;\\\/div&gt; &lt;\\\/div&gt;&lt;\\\/div&gt; &lt;\\\/div&gt;&quot;,&quot;&lt;div class=\\&quot;gallery-item-wrap jkit-gcf-CD\\&quot;&gt; &lt;div class=\\&quot;grid-item\\&quot;&gt;&lt;div class=\\&quot;thumbnail-wrap\\&quot;&gt;&lt;img width=\\&quot;372\\&quot; height=\\&quot;248\\&quot; src=\\&quot;https:\\\/\\\/dc-ks.net\\\/wp-content\\\/uploads\\\/2025\\\/05\\\/502600563_122103678230890101_7411778696388743301_n-2.jpg\\&quot; class=\\&quot;attachment-large size-large\\&quot; alt=\\&quot;CD\\&quot; url=\\&quot;https:\\\/\\\/dc-ks.net\\\/wp-content\\\/uploads\\\/2025\\\/05\\\/502600563_122103678230890101_7411778696388743301_n-2.jpg\\&quot; source=\\&quot;library\\&quot; srcset=\\&quot;https:\\\/\\\/dc-ks.net\\\/wp-content\\\/uploads\\\/2025\\\/05\\\/502600563_122103678230890101_7411778696388743301_n-2.jpg 372w, https:\\\/\\\/dc-ks.net\\\/wp-content\\\/uploads\\\/2025\\\/05\\\/502600563_122103678230890101_7411778696388743301_n-2-300x200.jpg 300w\\&quot; sizes=\\&quot;(max-width: 372px) 100vw, 372px\\&quot; \\\/&gt;&lt;\\\/div&gt;&lt;div class=\\&quot;caption-wrap style-overlay overlay-slide\\&quot;&gt; &lt;div class=\\&quot;item-hover-bg\\&quot;&gt;&lt;\\\/div&gt; &lt;div class=\\&quot;item-caption-over\\&quot;&gt; &lt;h5 class=\\&quot;item-title\\&quot;&gt;CD&lt;\\\/h5&gt; &lt;div class=\\&quot;item-content\\&quot;&gt;&lt;\\\/div&gt; &lt;\\\/div&gt; &lt;div class=\\&quot;caption-head\\&quot;&gt;&lt;\\\/div&gt; &lt;div class=\\&quot;caption-category\\&quot;&gt;&lt;\\\/div&gt; &lt;\\\/div&gt;&lt;\\\/div&gt; &lt;\\\/div&gt;&quot;,&quot;&lt;div class=\\&quot;gallery-item-wrap jkit-gcf-CW\\&quot;&gt; &lt;div class=\\&quot;grid-item\\&quot;&gt;&lt;div class=\\&quot;thumbnail-wrap\\&quot;&gt;&lt;img width=\\&quot;371\\&quot; height=\\&quot;249\\&quot; src=\\&quot;https:\\\/\\\/dc-ks.net\\\/wp-content\\\/uploads\\\/2025\\\/05\\\/502600563_122103678230890101_7411778696388743301_n-5.jpg\\&quot; class=\\&quot;attachment-large size-large\\&quot; alt=\\&quot;CW75\\&quot; url=\\&quot;https:\\\/\\\/dc-ks.net\\\/wp-content\\\/uploads\\\/2025\\\/05\\\/502600563_122103678230890101_7411778696388743301_n-5.jpg\\&quot; source=\\&quot;library\\&quot; srcset=\\&quot;https:\\\/\\\/dc-ks.net\\\/wp-content\\\/uploads\\\/2025\\\/05\\\/502600563_122103678230890101_7411778696388743301_n-5.jpg 371w, https:\\\/\\\/dc-ks.net\\\/wp-content\\\/uploads\\\/2025\\\/05\\\/502600563_122103678230890101_7411778696388743301_n-5-300x201.jpg 300w\\&quot; sizes=\\&quot;(max-width: 371px) 100vw, 371px\\&quot; \\\/&gt;&lt;\\\/div&gt;&lt;div class=\\&quot;caption-wrap style-overlay overlay-slide\\&quot;&gt; &lt;div class=\\&quot;item-hover-bg\\&quot;&gt;&lt;\\\/div&gt; &lt;div class=\\&quot;item-caption-over\\&quot;&gt; &lt;h5 class=\\&quot;item-title\\&quot;&gt;CW75&lt;\\\/h5&gt; &lt;div class=\\&quot;item-content\\&quot;&gt;&lt;\\\/div&gt; &lt;\\\/div&gt; &lt;div class=\\&quot;caption-head\\&quot;&gt;&lt;\\\/div&gt; &lt;div class=\\&quot;caption-category\\&quot;&gt;&lt;\\\/div&gt; &lt;\\\/div&gt;&lt;\\\/div&gt; &lt;\\\/div&gt;&quot;,&quot;&lt;div class=\\&quot;gallery-item-wrap jkit-gcf-CW\\&quot;&gt; &lt;div class=\\&quot;grid-item\\&quot;&gt;&lt;div class=\\&quot;thumbnail-wrap\\&quot;&gt;&lt;img width=\\&quot;374\\&quot; height=\\&quot;250\\&quot; src=\\&quot;https:\\\/\\\/dc-ks.net\\\/wp-content\\\/uploads\\\/2025\\\/05\\\/502600563_122103678230890101_7411778696388743301_n-6.jpg\\&quot; class=\\&quot;attachment-large size-large\\&quot; alt=\\&quot;CW100\\&quot; url=\\&quot;https:\\\/\\\/dc-ks.net\\\/wp-content\\\/uploads\\\/2025\\\/05\\\/502600563_122103678230890101_7411778696388743301_n-6.jpg\\&quot; source=\\&quot;library\\&quot; srcset=\\&quot;https:\\\/\\\/dc-ks.net\\\/wp-content\\\/uploads\\\/2025\\\/05\\\/502600563_122103678230890101_7411778696388743301_n-6.jpg 374w, https:\\\/\\\/dc-ks.net\\\/wp-content\\\/uploads\\\/2025\\\/05\\\/502600563_122103678230890101_7411778696388743301_n-6-300x201.jpg 300w\\&quot; sizes=\\&quot;(max-width: 374px) 100vw, 374px\\&quot; \\\/&gt;&lt;\\\/div&gt;&lt;div class=\\&quot;caption-wrap style-overlay overlay-slide\\&quot;&gt; &lt;div class=\\&quot;item-hover-bg\\&quot;&gt;&lt;\\\/div&gt; &lt;div class=\\&quot;item-caption-over\\&quot;&gt; &lt;h5 class=\\&quot;item-title\\&quot;&gt;CW100&lt;\\\/h5&gt; &lt;div class=\\&quot;item-content\\&quot;&gt;&lt;\\\/div&gt; &lt;\\\/div&gt; &lt;div class=\\&quot;caption-head\\&quot;&gt;&lt;\\\/div&gt; &lt;div class=\\&quot;caption-category\\&quot;&gt;&lt;\\\/div&gt; &lt;\\\/div&gt;&lt;\\\/div&gt; &lt;\\\/div&gt;&quot;]\"><div class=\"filter-controls\"><ul><li class=\"jkit-gallery-control active\" data-filter=\"*\">T\u00eb gjitha<\/li><li class=\"jkit-gallery-control\" data-filter=\".jkit-gcf-UD\">UD<\/li><li class=\"jkit-gallery-control\" data-filter=\".jkit-gcf-CD\">CD<\/li><li class=\"jkit-gallery-control\" data-filter=\".jkit-gcf-UW\">UW<\/li><li class=\"jkit-gallery-control\" data-filter=\".jkit-gcf-CW\">CW<\/li><\/ul><\/div>\n            <div class=\"gallery-items\"><div class=\"gallery-item-wrap jkit-gcf-UD\"> <div class=\"grid-item\"><div class=\"thumbnail-wrap\"><img fetchpriority=\"high\" decoding=\"async\" width=\"373\" height=\"250\" src=\"https:\/\/dc-ks.net\/wp-content\/uploads\/2025\/05\/products-1.jpg\" class=\"attachment-large size-large\" alt=\"UD\" url=\"https:\/\/dc-ks.net\/wp-content\/uploads\/2025\/05\/products-1.jpg\" source=\"library\" srcset=\"https:\/\/dc-ks.net\/wp-content\/uploads\/2025\/05\/products-1.jpg 373w, https:\/\/dc-ks.net\/wp-content\/uploads\/2025\/05\/products-1-300x201.jpg 300w\" sizes=\"(max-width: 373px) 100vw, 373px\" \/><\/div><div class=\"caption-wrap style-overlay overlay-slide\"> <div class=\"item-hover-bg\"><\/div> <div class=\"item-caption-over\"> <h5 class=\"item-title\">UD<\/h5> <div class=\"item-content\"><\/div> <\/div> <div class=\"caption-head\"><\/div> <div class=\"caption-category\"><\/div> <\/div><\/div> <\/div><div class=\"gallery-item-wrap jkit-gcf-UW\"> <div class=\"grid-item\"><div class=\"thumbnail-wrap\"><img decoding=\"async\" width=\"379\" height=\"244\" data-src=\"https:\/\/dc-ks.net\/wp-content\/uploads\/2025\/05\/502600563_122103678230890101_7411778696388743301_n.jpg\" class=\"attachment-large size-large lazyload\" alt=\"UW\" url=\"https:\/\/dc-ks.net\/wp-content\/uploads\/2025\/05\/502600563_122103678230890101_7411778696388743301_n.jpg\" source=\"library\" data-srcset=\"https:\/\/dc-ks.net\/wp-content\/uploads\/2025\/05\/502600563_122103678230890101_7411778696388743301_n.jpg 379w, https:\/\/dc-ks.net\/wp-content\/uploads\/2025\/05\/502600563_122103678230890101_7411778696388743301_n-300x193.jpg 300w\" data-sizes=\"(max-width: 379px) 100vw, 379px\" src=\"data:image\/gif;base64,R0lGODlhAQABAAAAACH5BAEKAAEALAAAAAABAAEAAAICTAEAOw==\" style=\"--smush-placeholder-width: 379px; --smush-placeholder-aspect-ratio: 379\/244;\" \/><\/div><div class=\"caption-wrap style-overlay overlay-slide\"> <div class=\"item-hover-bg\"><\/div> <div class=\"item-caption-over\"> <h5 class=\"item-title\">UW<\/h5> <div class=\"item-content\"><\/div> <\/div> <div class=\"caption-head\"><\/div> <div class=\"caption-category\"><\/div> <\/div><\/div> <\/div><div class=\"gallery-item-wrap jkit-gcf-UW\"> <div class=\"grid-item\"><div class=\"thumbnail-wrap\"><img decoding=\"async\" width=\"373\" height=\"251\" data-src=\"https:\/\/dc-ks.net\/wp-content\/uploads\/2025\/05\/502600563_122103678230890101_7411778696388743301_n-1.jpg\" class=\"attachment-large size-large lazyload\" alt=\"UW50\" url=\"https:\/\/dc-ks.net\/wp-content\/uploads\/2025\/05\/502600563_122103678230890101_7411778696388743301_n-1.jpg\" source=\"library\" data-srcset=\"https:\/\/dc-ks.net\/wp-content\/uploads\/2025\/05\/502600563_122103678230890101_7411778696388743301_n-1.jpg 373w, https:\/\/dc-ks.net\/wp-content\/uploads\/2025\/05\/502600563_122103678230890101_7411778696388743301_n-1-300x202.jpg 300w\" data-sizes=\"(max-width: 373px) 100vw, 373px\" src=\"data:image\/gif;base64,R0lGODlhAQABAAAAACH5BAEKAAEALAAAAAABAAEAAAICTAEAOw==\" style=\"--smush-placeholder-width: 373px; --smush-placeholder-aspect-ratio: 373\/251;\" \/><\/div><div class=\"caption-wrap style-overlay overlay-slide\"> <div class=\"item-hover-bg\"><\/div> <div class=\"item-caption-over\"> <h5 class=\"item-title\">UW50<\/h5> <div class=\"item-content\"><\/div> <\/div> <div class=\"caption-head\"><\/div> <div class=\"caption-category\"><\/div> <\/div><\/div> <\/div><div class=\"gallery-item-wrap jkit-gcf-CD\"> <div class=\"grid-item\"><div class=\"thumbnail-wrap\"><img decoding=\"async\" width=\"372\" height=\"248\" data-src=\"https:\/\/dc-ks.net\/wp-content\/uploads\/2025\/05\/502600563_122103678230890101_7411778696388743301_n-2.jpg\" class=\"attachment-large size-large lazyload\" alt=\"CD\" url=\"https:\/\/dc-ks.net\/wp-content\/uploads\/2025\/05\/502600563_122103678230890101_7411778696388743301_n-2.jpg\" source=\"library\" data-srcset=\"https:\/\/dc-ks.net\/wp-content\/uploads\/2025\/05\/502600563_122103678230890101_7411778696388743301_n-2.jpg 372w, https:\/\/dc-ks.net\/wp-content\/uploads\/2025\/05\/502600563_122103678230890101_7411778696388743301_n-2-300x200.jpg 300w\" data-sizes=\"(max-width: 372px) 100vw, 372px\" src=\"data:image\/gif;base64,R0lGODlhAQABAAAAACH5BAEKAAEALAAAAAABAAEAAAICTAEAOw==\" style=\"--smush-placeholder-width: 372px; --smush-placeholder-aspect-ratio: 372\/248;\" \/><\/div><div class=\"caption-wrap style-overlay overlay-slide\"> <div class=\"item-hover-bg\"><\/div> <div class=\"item-caption-over\"> <h5 class=\"item-title\">CD<\/h5> <div class=\"item-content\"><\/div> <\/div> <div class=\"caption-head\"><\/div> <div class=\"caption-category\"><\/div> <\/div><\/div> <\/div><div class=\"gallery-item-wrap jkit-gcf-CW\"> <div class=\"grid-item\"><div class=\"thumbnail-wrap\"><img decoding=\"async\" width=\"371\" height=\"249\" data-src=\"https:\/\/dc-ks.net\/wp-content\/uploads\/2025\/05\/502600563_122103678230890101_7411778696388743301_n-5.jpg\" class=\"attachment-large size-large lazyload\" alt=\"CW75\" url=\"https:\/\/dc-ks.net\/wp-content\/uploads\/2025\/05\/502600563_122103678230890101_7411778696388743301_n-5.jpg\" source=\"library\" data-srcset=\"https:\/\/dc-ks.net\/wp-content\/uploads\/2025\/05\/502600563_122103678230890101_7411778696388743301_n-5.jpg 371w, https:\/\/dc-ks.net\/wp-content\/uploads\/2025\/05\/502600563_122103678230890101_7411778696388743301_n-5-300x201.jpg 300w\" data-sizes=\"(max-width: 371px) 100vw, 371px\" src=\"data:image\/gif;base64,R0lGODlhAQABAAAAACH5BAEKAAEALAAAAAABAAEAAAICTAEAOw==\" style=\"--smush-placeholder-width: 371px; --smush-placeholder-aspect-ratio: 371\/249;\" \/><\/div><div class=\"caption-wrap style-overlay overlay-slide\"> <div class=\"item-hover-bg\"><\/div> <div class=\"item-caption-over\"> <h5 class=\"item-title\">CW75<\/h5> <div class=\"item-content\"><\/div> <\/div> <div class=\"caption-head\"><\/div> <div class=\"caption-category\"><\/div> <\/div><\/div> <\/div><div class=\"gallery-item-wrap jkit-gcf-CW\"> <div class=\"grid-item\"><div class=\"thumbnail-wrap\"><img decoding=\"async\" width=\"374\" height=\"250\" data-src=\"https:\/\/dc-ks.net\/wp-content\/uploads\/2025\/05\/502600563_122103678230890101_7411778696388743301_n-6.jpg\" class=\"attachment-large size-large lazyload\" alt=\"CW100\" url=\"https:\/\/dc-ks.net\/wp-content\/uploads\/2025\/05\/502600563_122103678230890101_7411778696388743301_n-6.jpg\" source=\"library\" data-srcset=\"https:\/\/dc-ks.net\/wp-content\/uploads\/2025\/05\/502600563_122103678230890101_7411778696388743301_n-6.jpg 374w, https:\/\/dc-ks.net\/wp-content\/uploads\/2025\/05\/502600563_122103678230890101_7411778696388743301_n-6-300x201.jpg 300w\" data-sizes=\"(max-width: 374px) 100vw, 374px\" src=\"data:image\/gif;base64,R0lGODlhAQABAAAAACH5BAEKAAEALAAAAAABAAEAAAICTAEAOw==\" style=\"--smush-placeholder-width: 374px; --smush-placeholder-aspect-ratio: 374\/250;\" \/><\/div><div class=\"caption-wrap style-overlay overlay-slide\"> <div class=\"item-hover-bg\"><\/div> <div class=\"item-caption-over\"> <h5 class=\"item-title\">CW100<\/h5> <div class=\"item-content\"><\/div> <\/div> <div class=\"caption-head\"><\/div> <div class=\"caption-category\"><\/div> <\/div><\/div> <\/div><\/div>\n            <div class=\"load-more-items\"><\/div><\/div>\t\t\t\t<\/div>\n\t\t\t\t<\/div>\n\t\t\t\t<\/div>\n\t\t\t\t<\/div>\n\t\t<div class=\"elementor-element elementor-element-efa6a19 e-flex e-con-boxed e-con e-parent\" data-id=\"efa6a19\" data-element_type=\"container\" data-settings=\"{&quot;background_background&quot;:&quot;classic&quot;}\">\n\t\t\t\t\t<div class=\"e-con-inner\">\n\t\t<div class=\"elementor-element elementor-element-2acabf84 e-con-full e-flex e-con e-child\" data-id=\"2acabf84\" data-element_type=\"container\">\n\t\t\t\t<div class=\"elementor-element elementor-element-712e27f0 elementor-widget elementor-widget-heading\" data-id=\"712e27f0\" data-element_type=\"widget\" data-widget_type=\"heading.default\">\n\t\t\t\t<div class=\"elementor-widget-container\">\n\t\t\t\t\t<h2 class=\"elementor-heading-title elementor-size-default\">Gati t\u00eb nisni nj\u00eb projekt t\u00eb ri me D Construction 001?<\/h2>\t\t\t\t<\/div>\n\t\t\t\t<\/div>\n\t\t\t\t<div class=\"elementor-element elementor-element-3c5b3415 elementor-widget elementor-widget-text-editor\" data-id=\"3c5b3415\" data-element_type=\"widget\" data-widget_type=\"text-editor.default\">\n\t\t\t\t<div class=\"elementor-widget-container\">\n\t\t\t\t\t\t\t\t\t<p class=\" translation-block\">N\u00eb qoft\u00eb se jeni duke planifikuar nj\u00eb projekt t\u00eb madh nd\u00ebrtimi apo nj\u00eb projekt t\u00eb vog\u00ebl t\u00eb brendsh\u00ebm, <strong data-start=\"393\" data-end=\"422\">D CONSTRUCTION 001<\/strong> \u00ebsht\u00eb e gatshme t\u2019ju mb\u00ebshtes\u00eb n\u00eb \u00e7do hap t\u00eb rrug\u00ebs.<\/p>\t\t\t\t\t\t\t\t<\/div>\n\t\t\t\t<\/div>\n\t\t\t\t<div class=\"elementor-element elementor-element-178e89c7 elementor-align-center elementor-widget elementor-widget-button\" data-id=\"178e89c7\" data-element_type=\"widget\" data-no-translation=\"\" data-widget_type=\"button.default\">\n\t\t\t\t<div class=\"elementor-widget-container\">\n\t\t\t\t\t<style>.elementor-element-178e89c7{display:none !important}<\/style>\t\t\t\t<\/div>\n\t\t\t\t<\/div>\n\t\t\t\t<div class=\"elementor-element elementor-element-44eee53 elementor-align-center elementor-widget elementor-widget-button\" data-id=\"44eee53\" data-element_type=\"widget\" data-no-translation=\"\" data-widget_type=\"button.default\">\n\t\t\t\t<div class=\"elementor-widget-container\">\n\t\t\t\t\t\t\t\t\t<div class=\"elementor-button-wrapper\">\n\t\t\t\t\t<a class=\"elementor-button elementor-button-link elementor-size-sm\" href=\"\/sq\/contact-us\">\n\t\t\t\t\t\t<span class=\"elementor-button-content-wrapper\">\n\t\t\t\t\t\t\t\t\t<span class=\"elementor-button-text\">Fillo tani<\/span>\n\t\t\t\t\t<\/span>\n\t\t\t\t\t<\/a>\n\t\t\t\t<\/div>\n\t\t\t\t\t\t\t\t<\/div>\n\t\t\t\t<\/div>\n\t\t\t\t<\/div>\n\t\t\t\t\t<\/div>\n\t\t\t\t<\/div>\n\t\t\t\t<\/div>","protected":false},"excerpt":{"rendered":"<p>Home Services Services Our services D CONSTRUCTION 001 specializes in the production of galvanized metal profiles for gypsum board systems, offering both standard and custom-length solutions. Our services include precision cutting, profile customization, and bulk manufacturing tailored to meet the needs of construction professionals across Kosovo. With a focus on quality, durability, and timely delivery, [&hellip;]<\/p>","protected":false},"author":1,"featured_media":0,"parent":0,"menu_order":0,"comment_status":"closed","ping_status":"closed","template":"elementor_header_footer","meta":{"footnotes":""},"class_list":["post-421","page","type-page","status-publish","hentry"],"_links":{"self":[{"href":"https:\/\/dc-ks.net\/sq\/wp-json\/wp\/v2\/pages\/421","targetHints":{"allow":["GET"]}}],"collection":[{"href":"https:\/\/dc-ks.net\/sq\/wp-json\/wp\/v2\/pages"}],"about":[{"href":"https:\/\/dc-ks.net\/sq\/wp-json\/wp\/v2\/types\/page"}],"author":[{"embeddable":true,"href":"https:\/\/dc-ks.net\/sq\/wp-json\/wp\/v2\/users\/1"}],"replies":[{"embeddable":true,"href":"https:\/\/dc-ks.net\/sq\/wp-json\/wp\/v2\/comments?post=421"}],"version-history":[{"count":66,"href":"https:\/\/dc-ks.net\/sq\/wp-json\/wp\/v2\/pages\/421\/revisions"}],"predecessor-version":[{"id":1399,"href":"https:\/\/dc-ks.net\/sq\/wp-json\/wp\/v2\/pages\/421\/revisions\/1399"}],"wp:attachment":[{"href":"https:\/\/dc-ks.net\/sq\/wp-json\/wp\/v2\/media?parent=421"}],"curies":[{"name":"wp","href":"https:\/\/api.w.org\/{rel}","templated":true}]}}